{"id":107,"date":"2021-09-10T07:47:21","date_gmt":"2021-09-10T07:47:21","guid":{"rendered":"https:\/\/ninetheme.com\/themes\/zank2\/?page_id=107"},"modified":"2024-09-17T15:02:37","modified_gmt":"2024-09-17T21:02:37","slug":"about-us","status":"publish","type":"page","link":"https:\/\/mcrtogo.com\/index.php\/about-us\/","title":{"rendered":"About Us"},"content":{"rendered":"\t\t<div data-elementor-type=\"wp-page\" data-elementor-id=\"107\" class=\"elementor elementor-107\" data-elementor-post-type=\"page\">\n\t\t\t\t<div class=\"gap- elementor-element elementor-element-d49213a zank-parallax jarallax parallax-yes e-flex e-con-boxed e-con e-parent\" data-zank-parallax=\"{&quot;type&quot;:&quot;scroll&quot;,&quot;speed&quot;:&quot;0.3&quot;,&quot;imgsize&quot;:&quot;cover&quot;,&quot;imgsrc&quot;:&quot;https:\/\/mcrtogo.com\/wp-content\/uploads\/2021\/10\/pexels-karolina-grabowska-4219866-scaled.jpg&quot;,&quot;mobile&quot;:&quot;&quot;}\" data-id=\"d49213a\" data-element_type=\"container\" data-settings=\"{&quot;background_background&quot;:&quot;classic&quot;}\">\n\t\t\t\t\t<div class=\"e-con-inner\">\n\t\t<div class=\"gap- elementor-element elementor-element-5ded6b6 e-con-full e-flex e-con e-child\" data-id=\"5ded6b6\" data-element_type=\"container\">\n\t\t\t\t<div class=\"elementor-element elementor-element-6fa758d zank-transform transform-type-translate elementor-invisible elementor-widget elementor-widget-heading\" data-id=\"6fa758d\" data-element_type=\"widget\" data-settings=\"{&quot;_animation&quot;:&quot;fadeIn&quot;,&quot;_animation_delay&quot;:300}\" data-widget_type=\"heading.default\">\n\t\t\t\t<div class=\"elementor-widget-container\">\n\t\t\t\t\t<span class=\"elementor-heading-title elementor-size-default\">MCR to go<\/span>\t\t\t\t<\/div>\n\t\t\t\t<\/div>\n\t\t\t\t<div class=\"elementor-element elementor-element-e8d48f2 elementor-widget__width-inherit zank-transform transform-type-translate elementor-invisible elementor-widget elementor-widget-heading\" data-id=\"e8d48f2\" data-element_type=\"widget\" data-settings=\"{&quot;_animation&quot;:&quot;fadeIn&quot;,&quot;_animation_delay&quot;:400}\" data-widget_type=\"heading.default\">\n\t\t\t\t<div class=\"elementor-widget-container\">\n\t\t\t\t\t<h1 class=\"elementor-heading-title elementor-size-default\">Nos encanta ayudarte con tu tecnolog\u00eda<\/h1>\t\t\t\t<\/div>\n\t\t\t\t<\/div>\n\t\t\t\t<div class=\"elementor-element elementor-element-edf734d elementor-widget__width-initial zank-transform transform-type-translate elementor-invisible elementor-widget elementor-widget-heading\" data-id=\"edf734d\" data-element_type=\"widget\" data-settings=\"{&quot;_animation&quot;:&quot;fadeIn&quot;,&quot;_animation_delay&quot;:400}\" data-widget_type=\"heading.default\">\n\t\t\t\t<div class=\"elementor-widget-container\">\n\t\t\t\t\t<h5 class=\"elementor-heading-title elementor-size-default\">Tenemos mas de 10 a\u00f1os de experiencia vendiendo y dando soporte a compa\u00f1ias. Ahora queremos que tu tambi\u00e9n disfrutes de nuestros beneficios.<\/h5>\t\t\t\t<\/div>\n\t\t\t\t<\/div>\n\t\t\t\t<\/div>\n\t\t\t\t\t<\/div>\n\t\t\t\t<\/div>\n\t\t<div class=\"gap- elementor-element elementor-element-00a3537 nt-section section-padding e-flex e-con-boxed e-con e-parent\" data-id=\"00a3537\" data-element_type=\"container\" id=\"s1\">\n\t\t\t\t\t<div class=\"e-con-inner\">\n\t\t<div class=\"gap- elementor-element elementor-element-63e3a37 e-con-full e-flex e-con e-child\" data-id=\"63e3a37\" data-element_type=\"container\">\n\t\t<div class=\"gap- elementor-element elementor-element-7123162 e-con-full e-flex e-con e-child\" data-id=\"7123162\" data-element_type=\"container\">\n\t\t<div class=\"gap- elementor-element elementor-element-57fe128 e-con-full e-flex e-con e-child\" data-id=\"57fe128\" data-element_type=\"container\">\n\t\t\t\t<div class=\"elementor-element elementor-element-c25b59c elementor-invisible elementor-widget elementor-widget-image\" data-id=\"c25b59c\" data-element_type=\"widget\" data-settings=\"{&quot;_animation&quot;:&quot;slideInUp&quot;}\" data-widget_type=\"image.default\">\n\t\t\t\t<div class=\"elementor-widget-container\">\n\t\t\t\t\t\t\t\t\t\t\t\t\t\t\t<img fetchpriority=\"high\" decoding=\"async\" width=\"768\" height=\"432\" src=\"https:\/\/mcrtogo.com\/wp-content\/uploads\/2024\/09\/Mi-foto-768x432.png\" class=\"elementor-animation-float attachment-medium_large size-medium_large wp-image-11238\" alt=\"\" \/>\t\t\t\t\t\t\t\t\t\t\t\t\t\t\t<\/div>\n\t\t\t\t<\/div>\n\t\t\t\t<\/div>\n\t\t<div class=\"gap- elementor-element elementor-element-abdb227 e-con-full e-flex e-con e-child\" data-id=\"abdb227\" data-element_type=\"container\">\n\t\t\t\t<div class=\"elementor-element elementor-element-31ef32c elementor-widget elementor-widget-zank-widget-label\" data-id=\"31ef32c\" data-element_type=\"widget\" data-widget_type=\"zank-widget-label.default\">\n\t\t\t\t<div class=\"elementor-widget-container\">\n\t\t\t\t\t<span class=\"zank-widget-label zank-bg-primary zank-solid zank-square label-small\">Sobre mi<\/span>\t\t\t\t<\/div>\n\t\t\t\t<\/div>\n\t\t\t\t<div class=\"elementor-element elementor-element-eeb7ef4 zank-transform transform-type-translate elementor-invisible elementor-widget elementor-widget-heading\" data-id=\"eeb7ef4\" data-element_type=\"widget\" data-settings=\"{&quot;_animation&quot;:&quot;fadeInDown&quot;,&quot;_animation_delay&quot;:400}\" data-widget_type=\"heading.default\">\n\t\t\t\t<div class=\"elementor-widget-container\">\n\t\t\t\t\t<h2 class=\"elementor-heading-title elementor-size-default\">Apasionado por la atenci\u00f3n al cliente , y desde hace mas de 25 a\u00f1os amante de la tecnolog\u00eda.<\/h2>\t\t\t\t<\/div>\n\t\t\t\t<\/div>\n\t\t\t\t<div class=\"elementor-element elementor-element-c9b6458 elementor-widget__width-initial zank-transform transform-type-translate elementor-invisible elementor-widget elementor-widget-heading\" data-id=\"c9b6458\" data-element_type=\"widget\" data-settings=\"{&quot;_animation&quot;:&quot;fadeIn&quot;,&quot;_animation_delay&quot;:600}\" data-widget_type=\"heading.default\">\n\t\t\t\t<div class=\"elementor-widget-container\">\n\t\t\t\t\t<p class=\"elementor-heading-title elementor-size-default\">Mi nombre es Gerardo Valadez , y siempre me ha gustado trabajar con computadoras y lo relacionado a ellas , y hoy en d\u00eda hay muchos productos al alcance de todos , pero no siempre hay a quien preguntarle. Asi que para eso estoy yo \u00bfTienes dudas sobre a\u00f1gun producto , o no sabes que comprar? yo te ayudo. Solo mandame whatssap.<\/p>\t\t\t\t<\/div>\n\t\t\t\t<\/div>\n\t\t\t\t<div class=\"elementor-element elementor-element-c6b7de2 elementor-widget__width-initial zank-transform transform-type-translate elementor-invisible elementor-widget elementor-widget-heading\" data-id=\"c6b7de2\" data-element_type=\"widget\" data-settings=\"{&quot;_animation&quot;:&quot;fadeIn&quot;,&quot;_animation_delay&quot;:600}\" data-widget_type=\"heading.default\">\n\t\t\t\t<div class=\"elementor-widget-container\">\n\t\t\t\t\t<p class=\"elementor-heading-title elementor-size-default\">#tech #it #PC #geek #accesorios<\/p>\t\t\t\t<\/div>\n\t\t\t\t<\/div>\n\t\t\t\t<div class=\"elementor-element elementor-element-e6d7e4f elementor-widget elementor-widget-zank-button\" data-id=\"e6d7e4f\" data-element_type=\"widget\" data-widget_type=\"zank-button.default\">\n\t\t\t\t<div class=\"elementor-widget-container\">\n\t\t\t\t\t<a data-id=\"btn-e6d7e4f\" class=\"type-widget zank-btn zank-btn-primary zank-btn-text zank-square  btn-icon-right has-icon\" href=\"dm.wa.link\/0p603l\" title=\"Whatssap\"><span class=\"zank-button-inner\"><span class=\"zank-btn-text\">Whatssap<\/span> <span class=\"zank-button-icon\"><svg aria-hidden=\"true\" class=\"e-font-icon-svg e-fab-whatsapp\" viewBox=\"0 0 448 512\" xmlns=\"http:\/\/www.w3.org\/2000\/svg\"><path d=\"M380.9 97.1C339 55.1 283.2 32 223.9 32c-122.4 0-222 99.6-222 222 0 39.1 10.2 77.3 29.6 111L0 480l117.7-30.9c32.4 17.7 68.9 27 106.1 27h.1c122.3 0 224.1-99.6 224.1-222 0-59.3-25.2-115-67.1-157zm-157 341.6c-33.2 0-65.7-8.9-94-25.7l-6.7-4-69.8 18.3L72 359.2l-4.4-7c-18.5-29.4-28.2-63.3-28.2-98.2 0-101.7 82.8-184.5 184.6-184.5 49.3 0 95.6 19.2 130.4 54.1 34.8 34.9 56.2 81.2 56.1 130.5 0 101.8-84.9 184.6-186.6 184.6zm101.2-138.2c-5.5-2.8-32.8-16.2-37.9-18-5.1-1.9-8.8-2.8-12.5 2.8-3.7 5.6-14.3 18-17.6 21.8-3.2 3.7-6.5 4.2-12 1.4-32.6-16.3-54-29.1-75.5-66-5.7-9.8 5.7-9.1 16.3-30.3 1.8-3.7.9-6.9-.5-9.7-1.4-2.8-12.5-30.1-17.1-41.2-4.5-10.8-9.1-9.3-12.5-9.5-3.2-.2-6.9-.2-10.6-.2-3.7 0-9.7 1.4-14.8 6.9-5.1 5.6-19.4 19-19.4 46.3 0 27.3 19.9 53.7 22.6 57.4 2.8 3.7 39.1 59.7 94.8 83.8 35.2 15.2 49 16.5 66.6 13.9 10.7-1.6 32.8-13.4 37.4-26.4 4.6-13 4.6-24.1 3.2-26.4-1.3-2.5-5-3.9-10.5-6.6z\"><\/path><\/svg><\/span><\/span><\/a>\t\t\t\t<\/div>\n\t\t\t\t<\/div>\n\t\t\t\t<\/div>\n\t\t\t\t<\/div>\n\t\t<div class=\"gap- elementor-element elementor-element-af76e91 e-con-full e-flex e-con e-child\" data-id=\"af76e91\" data-element_type=\"container\">\n\t\t<div class=\"gap- elementor-element elementor-element-da071b7 e-con-full e-flex e-con e-child\" data-id=\"da071b7\" data-element_type=\"container\">\n\t\t\t\t<div class=\"elementor-element elementor-element-82f08b0 elementor-widget elementor-widget-zank-widget-label\" data-id=\"82f08b0\" data-element_type=\"widget\" data-widget_type=\"zank-widget-label.default\">\n\t\t\t\t<div class=\"elementor-widget-container\">\n\t\t\t\t\t<span class=\"zank-widget-label zank-bg-primary zank-solid zank-square label-small\">Sobre MCR TO GO<\/span>\t\t\t\t<\/div>\n\t\t\t\t<\/div>\n\t\t\t\t<div class=\"elementor-element elementor-element-6b3f270 zank-transform transform-type-translate elementor-invisible elementor-widget elementor-widget-heading\" data-id=\"6b3f270\" data-element_type=\"widget\" data-settings=\"{&quot;_animation&quot;:&quot;slideInUp&quot;,&quot;_animation_delay&quot;:400}\" data-widget_type=\"heading.default\">\n\t\t\t\t<div class=\"elementor-widget-container\">\n\t\t\t\t\t<h2 class=\"elementor-heading-title elementor-size-default\">MCR TO GO<\/h2>\t\t\t\t<\/div>\n\t\t\t\t<\/div>\n\t\t\t\t<div class=\"elementor-element elementor-element-3b0798c zank-transform transform-type-translate elementor-invisible elementor-widget elementor-widget-heading\" data-id=\"3b0798c\" data-element_type=\"widget\" data-settings=\"{&quot;_animation&quot;:&quot;slideInUp&quot;,&quot;_animation_delay&quot;:500}\" data-widget_type=\"heading.default\">\n\t\t\t\t<div class=\"elementor-widget-container\">\n\t\t\t\t\t<p class=\"elementor-heading-title elementor-size-default\">Nace de la necesidad de poder facilitar al cliente la adiquisici\u00f3n de algun producto en nuestra tienda , y que lo tenga en la comodidad de su domicilio sin tener que esperar por cotizaciones , o revisar inventarios para confirmaci\u00f3n de existencias. \nNuestra idea es que todo lo que esta en la tienda esta disponible para env\u00edo inmediato.\n<\/p>\t\t\t\t<\/div>\n\t\t\t\t<\/div>\n\t\t\t\t<div class=\"elementor-element elementor-element-bd1acbd zank-transform transform-type-translate elementor-invisible elementor-widget elementor-widget-heading\" data-id=\"bd1acbd\" data-element_type=\"widget\" data-settings=\"{&quot;_animation&quot;:&quot;slideInUp&quot;,&quot;_animation_delay&quot;:600}\" data-widget_type=\"heading.default\">\n\t\t\t\t<div class=\"elementor-widget-container\">\n\t\t\t\t\t<p class=\"elementor-heading-title elementor-size-default\">Tenemos desde el 2014 dando servicio y vendiendo productos a diferentes empresas, ahora queremos transladarlo para que tu tambi\u00e9n puedas adquirir los productos que te ofrecemos.<\/p>\t\t\t\t<\/div>\n\t\t\t\t<\/div>\n\t\t\t\t<\/div>\n\t\t<div class=\"gap- elementor-element elementor-element-3a914f7 e-con-full e-flex e-con e-child\" data-id=\"3a914f7\" data-element_type=\"container\">\n\t\t\t\t<div class=\"elementor-element elementor-element-62ebb7c elementor-invisible elementor-widget elementor-widget-image\" data-id=\"62ebb7c\" data-element_type=\"widget\" data-settings=\"{&quot;_animation&quot;:&quot;slideInUp&quot;}\" data-widget_type=\"image.default\">\n\t\t\t\t<div class=\"elementor-widget-container\">\n\t\t\t\t\t\t\t\t\t\t\t\t\t\t\t<img decoding=\"async\" width=\"768\" height=\"576\" src=\"https:\/\/mcrtogo.com\/wp-content\/uploads\/2023\/06\/zank-bg-3-1-scaled-1.jpg\" class=\"elementor-animation-float attachment-medium_large size-medium_large wp-image-10525\" alt=\"\" \/>\t\t\t\t\t\t\t\t\t\t\t\t\t\t\t<\/div>\n\t\t\t\t<\/div>\n\t\t\t\t<\/div>\n\t\t\t\t<\/div>\n\t\t\t\t<\/div>\n\t\t\t\t\t<\/div>\n\t\t\t\t<\/div>\n\t\t<div class=\"gap- elementor-element elementor-element-5f47a80 nt-section section-padding e-flex e-con-boxed e-con e-parent\" data-id=\"5f47a80\" data-element_type=\"container\" data-settings=\"{&quot;background_background&quot;:&quot;classic&quot;}\">\n\t\t\t\t\t<div class=\"e-con-inner\">\n\t\t<div class=\"gap- elementor-element elementor-element-76cdcab e-con-full e-flex e-con e-child\" data-id=\"76cdcab\" data-element_type=\"container\">\n\t\t\t\t<div class=\"elementor-element elementor-element-bf8134d animated-fast zank-transform transform-type-translate elementor-invisible elementor-widget elementor-widget-heading\" data-id=\"bf8134d\" data-element_type=\"widget\" data-settings=\"{&quot;_animation&quot;:&quot;slideInUp&quot;,&quot;_animation_delay&quot;:400}\" data-widget_type=\"heading.default\">\n\t\t\t\t<div class=\"elementor-widget-container\">\n\t\t\t\t\t<h6 class=\"elementor-heading-title elementor-size-default\"><a href=\"https:\/\/mcrtogo.com\/index.php\/privacy-policy\/\">Politica de Privacidad<\/a><\/h6>\t\t\t\t<\/div>\n\t\t\t\t<\/div>\n\t\t\t\t<div class=\"elementor-element elementor-element-550e773 animated-fast zank-transform transform-type-translate elementor-invisible elementor-widget elementor-widget-heading\" data-id=\"550e773\" data-element_type=\"widget\" data-settings=\"{&quot;_animation&quot;:&quot;slideInUp&quot;,&quot;_animation_delay&quot;:600}\" data-widget_type=\"heading.default\">\n\t\t\t\t<div class=\"elementor-widget-container\">\n\t\t\t\t\t<h2 class=\"elementor-heading-title elementor-size-default\">Nos comprometemos en resguardar tu informaci\u00f3n, <u>MCR TO GO<\/u><\/h2>\t\t\t\t<\/div>\n\t\t\t\t<\/div>\n\t\t\t\t<div class=\"elementor-element elementor-element-c845c64 animated-fast zank-transform transform-type-translate elementor-invisible elementor-widget elementor-widget-heading\" data-id=\"c845c64\" data-element_type=\"widget\" data-settings=\"{&quot;_animation&quot;:&quot;slideInUp&quot;,&quot;_animation_delay&quot;:800}\" data-widget_type=\"heading.default\">\n\t\t\t\t<div class=\"elementor-widget-container\">\n\t\t\t\t\t<h5 class=\"elementor-heading-title elementor-size-default\"><a href=\"https:\/\/mcrtogo.com\/index.php\/privacy-policy\/\">lee nuestra politica de privacidad aqui.<\/a><\/h5>\t\t\t\t<\/div>\n\t\t\t\t<\/div>\n\t\t\t\t<\/div>\n\t\t\t\t\t<\/div>\n\t\t\t\t<\/div>\n\t\t<div class=\"gap- elementor-element elementor-element-c75e60b e-flex e-con-boxed e-con e-parent\" data-id=\"c75e60b\" data-element_type=\"container\" data-settings=\"{&quot;background_background&quot;:&quot;video&quot;,&quot;background_video_link&quot;:&quot;https:\\\/\\\/www.youtube.com\\\/watch?v=6dh60IVju9g&quot;,&quot;background_video_start&quot;:10,&quot;background_video_end&quot;:30,&quot;background_play_on_mobile&quot;:&quot;yes&quot;}\">\n\t\t\t\t\t<div class=\"e-con-inner\">\n\t\t<div class=\"elementor-background-video-container\" aria-hidden=\"true\">\n\t\t\t\t\t\t\t<div class=\"elementor-background-video-embed\"><\/div>\n\t\t\t\t\t\t<\/div><div class=\"gap- elementor-element elementor-element-c6e6d19 e-con-full e-flex e-con e-child\" data-id=\"c6e6d19\" data-element_type=\"container\">\n\t\t<div class=\"gap- elementor-element elementor-element-7bc5f6f elementor-hidden-mobile e-con-full e-flex e-con e-child\" data-id=\"7bc5f6f\" data-element_type=\"container\">\n\t\t<div class=\"gap- elementor-element elementor-element-aed30ba elementor-hidden-mobile e-con-full e-flex e-con e-child\" data-id=\"aed30ba\" data-element_type=\"container\">\n\t\t\t\t<\/div>\n\t\t<div class=\"gap- elementor-element elementor-element-dfb24ac e-con-full e-flex e-con e-child\" data-id=\"dfb24ac\" data-element_type=\"container\">\n\t\t\t\t<div class=\"elementor-element elementor-element-a77a1c0 animated-fast zank-transform transform-type-translate elementor-invisible elementor-widget elementor-widget-heading\" data-id=\"a77a1c0\" data-element_type=\"widget\" data-settings=\"{&quot;_animation&quot;:&quot;slideInUp&quot;,&quot;_animation_delay&quot;:800}\" data-widget_type=\"heading.default\">\n\t\t\t\t<div class=\"elementor-widget-container\">\n\t\t\t\t\t<h5 class=\"elementor-heading-title elementor-size-default\"><a href=\"https:\/\/mcrtogo.com\/index.php\/shop\/\">Empieza a comprar\n\n<\/a><\/h5>\t\t\t\t<\/div>\n\t\t\t\t<\/div>\n\t\t\t\t<\/div>\n\t\t<div class=\"gap- elementor-element elementor-element-17047b7 elementor-hidden-mobile e-con-full e-flex e-con e-child\" data-id=\"17047b7\" data-element_type=\"container\">\n\t\t\t\t<\/div>\n\t\t\t\t<\/div>\n\t\t\t\t<\/div>\n\t\t\t\t\t<\/div>\n\t\t\t\t<\/div>\n\t\t\t\t<\/div>\n\t\t","protected":false},"excerpt":{"rendered":"<p>MCR to go Nos encanta ayudarte con tu tecnolog\u00eda Tenemos mas de 10 a\u00f1os de experiencia vendiendo y dando soporte a compa\u00f1ias. Ahora queremos que tu tambi\u00e9n disfrutes de nuestros beneficios. Sobre mi Apasionado por la atenci\u00f3n al cliente , y desde hace mas de 25 a\u00f1os amante de la tecnolog\u00eda. Mi nombre es Gerardo&#8230;<\/p>\n","protected":false},"author":1,"featured_media":0,"parent":0,"menu_order":0,"comment_status":"closed","ping_status":"closed","template":"","meta":{"footnotes":""},"class_list":{"0":"post-107","1":"page","2":"type-page","3":"status-publish","4":"hentry","5":"nt-post-class","6":"","7":"thumb-none","9":"excerpt-none"},"_links":{"self":[{"href":"https:\/\/mcrtogo.com\/index.php\/wp-json\/wp\/v2\/pages\/107","targetHints":{"allow":["GET"]}}],"collection":[{"href":"https:\/\/mcrtogo.com\/index.php\/wp-json\/wp\/v2\/pages"}],"about":[{"href":"https:\/\/mcrtogo.com\/index.php\/wp-json\/wp\/v2\/types\/page"}],"author":[{"embeddable":true,"href":"https:\/\/mcrtogo.com\/index.php\/wp-json\/wp\/v2\/users\/1"}],"replies":[{"embeddable":true,"href":"https:\/\/mcrtogo.com\/index.php\/wp-json\/wp\/v2\/comments?post=107"}],"version-history":[{"count":19,"href":"https:\/\/mcrtogo.com\/index.php\/wp-json\/wp\/v2\/pages\/107\/revisions"}],"predecessor-version":[{"id":11260,"href":"https:\/\/mcrtogo.com\/index.php\/wp-json\/wp\/v2\/pages\/107\/revisions\/11260"}],"wp:attachment":[{"href":"https:\/\/mcrtogo.com\/index.php\/wp-json\/wp\/v2\/media?parent=107"}],"curies":[{"name":"wp","href":"https:\/\/api.w.org\/{rel}","templated":true}]}}