{"id":10920,"date":"2024-03-26T02:25:06","date_gmt":"2024-03-26T02:25:06","guid":{"rendered":"http:\/\/mcrtogo.com\/?post_type=product&#038;p=10920"},"modified":"2024-03-26T02:25:10","modified_gmt":"2024-03-26T02:25:10","slug":"adaptador-de-red-usb-a-3-0-a-rj45","status":"publish","type":"product","link":"https:\/\/mcrtogo.com\/index.php\/product\/adaptador-de-red-usb-a-3-0-a-rj45\/","title":{"rendered":"Adaptador de Red USB-A 3.0 a RJ45"},"content":{"rendered":"<h1>Especificaciones:<\/h1>\n<ul>\n<li>Entrada: USB-A 3.0 macho<\/li>\n<li>Salida: Puerto Ethernet Gigabit RJ45<\/li>\n<li>Velocidad USB 3.0 de hasta 5Gbps<\/li>\n<li>Caja de aluminio<\/li>\n<li>Longitud del cable: 10 cm<\/li>\n<li>1 A\u00f1o de Garant\u00eda por defectos de fabricaci\u00f3n<\/li>\n<\/ul>\n","protected":false},"excerpt":{"rendered":"<ul>\n<li>Admite 10\/100\/1000 Mbps<\/li>\n<li>Caja de Aluminio<\/li>\n<li>Longitud del cable 10 cm<\/li>\n<\/ul>\n","protected":false},"featured_media":10932,"comment_status":"open","ping_status":"closed","template":"","meta":[],"product_brand":[],"product_cat":[69],"product_tag":[70,71,72,73],"class_list":{"0":"post-10920","1":"product","2":"type-product","3":"status-publish","4":"has-post-thumbnail","6":"product_cat-adaptadores","7":"product_tag-adaptadores","8":"product_tag-rj45","9":"product_tag-ugreen","10":"product_tag-usb-a","11":"nt-post-class","12":"","18":"first","19":"instock","20":"shipping-taxable","21":"product-type-simple"},"_links":{"self":[{"href":"https:\/\/mcrtogo.com\/index.php\/wp-json\/wp\/v2\/product\/10920","targetHints":{"allow":["GET"]}}],"collection":[{"href":"https:\/\/mcrtogo.com\/index.php\/wp-json\/wp\/v2\/product"}],"about":[{"href":"https:\/\/mcrtogo.com\/index.php\/wp-json\/wp\/v2\/types\/product"}],"replies":[{"embeddable":true,"href":"https:\/\/mcrtogo.com\/index.php\/wp-json\/wp\/v2\/comments?post=10920"}],"version-history":[{"count":1,"href":"https:\/\/mcrtogo.com\/index.php\/wp-json\/wp\/v2\/product\/10920\/revisions"}],"predecessor-version":[{"id":10933,"href":"https:\/\/mcrtogo.com\/index.php\/wp-json\/wp\/v2\/product\/10920\/revisions\/10933"}],"wp:featuredmedia":[{"embeddable":true,"href":"https:\/\/mcrtogo.com\/index.php\/wp-json\/wp\/v2\/media\/10932"}],"wp:attachment":[{"href":"https:\/\/mcrtogo.com\/index.php\/wp-json\/wp\/v2\/media?parent=10920"}],"wp:term":[{"taxonomy":"product_brand","embeddable":true,"href":"https:\/\/mcrtogo.com\/index.php\/wp-json\/wp\/v2\/product_brand?post=10920"},{"taxonomy":"product_cat","embeddable":true,"href":"https:\/\/mcrtogo.com\/index.php\/wp-json\/wp\/v2\/product_cat?post=10920"},{"taxonomy":"product_tag","embeddable":true,"href":"https:\/\/mcrtogo.com\/index.php\/wp-json\/wp\/v2\/product_tag?post=10920"}],"curies":[{"name":"wp","href":"https:\/\/api.w.org\/{rel}","templated":true}]}}