{"id":10922,"date":"2024-03-26T02:25:07","date_gmt":"2024-03-26T02:25:07","guid":{"rendered":"http:\/\/mcrtogo.com\/?post_type=product&#038;p=10922"},"modified":"2024-03-26T02:26:11","modified_gmt":"2024-03-26T02:26:11","slug":"cable-auxiliar-5-metros-conector-3-5mm-a-3-5mm","status":"publish","type":"product","link":"https:\/\/mcrtogo.com\/index.php\/product\/cable-auxiliar-5-metros-conector-3-5mm-a-3-5mm\/","title":{"rendered":"Cable Auxiliar 5 Metros Conector 3.5mm a 3.5mm"},"content":{"rendered":"<div class=\"row\">\n<ul>\n<li id=\"product_title_206903\" class=\"titulo_vp\">Cable Auxiliar<\/li>\n<li class=\"titulo_vp\">5 Metros<\/li>\n<li class=\"titulo_vp\">Conector 3.5mm a 3.5mm<\/li>\n<li class=\"titulo_vp\">Macho a Macho<\/li>\n<li class=\"titulo_vp\">Cubierta de TPE<\/li>\n<li class=\"titulo_vp\">Carcasa de Aluminio<\/li>\n<li class=\"titulo_vp\">Color Negro<\/li>\n<\/ul>\n<\/div>\n<div class=\"row\"><\/div>\n","protected":false},"excerpt":{"rendered":"<h3>Impresionante cable auxiliar<\/h3>\n<p>El cable de audio UGREEN de 3,5 mm transmite la lista de reproducci\u00f3n desde un dispositivo de salida auxiliar (salida de l\u00ednea) a un dispositivo de entrada auxiliar (entrada de l\u00ednea) directamente.<\/p>\n<p>Adem\u00e1s, este cable auxiliar es el reemplazo perfecto para aud\u00edfonos\/aud\u00edfonos\/altavoces.<\/p>\n","protected":false},"featured_media":10940,"comment_status":"open","ping_status":"closed","template":"","meta":[],"product_brand":[],"product_cat":[74],"product_tag":[],"class_list":{"0":"post-10922","1":"product","2":"type-product","3":"status-publish","4":"has-post-thumbnail","6":"product_cat-cables","7":"nt-post-class","8":"","14":"first","15":"instock","16":"featured","17":"shipping-taxable","18":"product-type-variable"},"_links":{"self":[{"href":"https:\/\/mcrtogo.com\/index.php\/wp-json\/wp\/v2\/product\/10922","targetHints":{"allow":["GET"]}}],"collection":[{"href":"https:\/\/mcrtogo.com\/index.php\/wp-json\/wp\/v2\/product"}],"about":[{"href":"https:\/\/mcrtogo.com\/index.php\/wp-json\/wp\/v2\/types\/product"}],"replies":[{"embeddable":true,"href":"https:\/\/mcrtogo.com\/index.php\/wp-json\/wp\/v2\/comments?post=10922"}],"version-history":[{"count":1,"href":"https:\/\/mcrtogo.com\/index.php\/wp-json\/wp\/v2\/product\/10922\/revisions"}],"predecessor-version":[{"id":10941,"href":"https:\/\/mcrtogo.com\/index.php\/wp-json\/wp\/v2\/product\/10922\/revisions\/10941"}],"wp:featuredmedia":[{"embeddable":true,"href":"https:\/\/mcrtogo.com\/index.php\/wp-json\/wp\/v2\/media\/10940"}],"wp:attachment":[{"href":"https:\/\/mcrtogo.com\/index.php\/wp-json\/wp\/v2\/media?parent=10922"}],"wp:term":[{"taxonomy":"product_brand","embeddable":true,"href":"https:\/\/mcrtogo.com\/index.php\/wp-json\/wp\/v2\/product_brand?post=10922"},{"taxonomy":"product_cat","embeddable":true,"href":"https:\/\/mcrtogo.com\/index.php\/wp-json\/wp\/v2\/product_cat?post=10922"},{"taxonomy":"product_tag","embeddable":true,"href":"https:\/\/mcrtogo.com\/index.php\/wp-json\/wp\/v2\/product_tag?post=10922"}],"curies":[{"name":"wp","href":"https:\/\/api.w.org\/{rel}","templated":true}]}}