{"id":10924,"date":"2024-03-26T02:25:07","date_gmt":"2024-03-26T02:25:07","guid":{"rendered":"http:\/\/mcrtogo.com\/?post_type=product&#038;p=10924"},"modified":"2024-03-26T02:25:33","modified_gmt":"2024-03-26T02:25:33","slug":"camara-web-alta-denificion-1080p","status":"publish","type":"product","link":"https:\/\/mcrtogo.com\/index.php\/product\/camara-web-alta-denificion-1080p\/","title":{"rendered":"C\u00e1mara Web ALTA DENIFICI\u00d3N (1080p)"},"content":{"rendered":"<ul>\n<li>Giro 360\u00b0<\/li>\n<li>Gran Angular<\/li>\n<li>Micr\u00f3fono Integrado<\/li>\n<li>Conector USB de 2 mts<\/li>\n<li>F\u00e1cil de Instalar<\/li>\n<li>Reducci\u00f3n de Ruido Inteligente<\/li>\n<\/ul>\n","protected":false},"excerpt":{"rendered":"<p>Giro 360\u00b0 Gran Angular Micr\u00f3fono Integrado Conector USB de 2 mts F\u00e1cil de Instalar Reducci\u00f3n de Ruido Inteligente<\/p>\n","protected":false},"featured_media":10946,"comment_status":"open","ping_status":"closed","template":"","meta":[],"product_brand":[],"product_cat":[75],"product_tag":[76,77,78,79],"class_list":{"0":"post-10924","1":"product","2":"type-product","3":"status-publish","4":"has-post-thumbnail","6":"product_cat-perifericos","7":"product_tag-streaming","8":"product_tag-usb","9":"product_tag-video","10":"product_tag-webcam","11":"nt-post-class","12":"","15":"excerpt-none","18":"first","19":"instock","20":"sale","21":"shipping-taxable","22":"purchasable","23":"product-type-simple"},"_links":{"self":[{"href":"https:\/\/mcrtogo.com\/index.php\/wp-json\/wp\/v2\/product\/10924","targetHints":{"allow":["GET"]}}],"collection":[{"href":"https:\/\/mcrtogo.com\/index.php\/wp-json\/wp\/v2\/product"}],"about":[{"href":"https:\/\/mcrtogo.com\/index.php\/wp-json\/wp\/v2\/types\/product"}],"replies":[{"embeddable":true,"href":"https:\/\/mcrtogo.com\/index.php\/wp-json\/wp\/v2\/comments?post=10924"}],"version-history":[{"count":1,"href":"https:\/\/mcrtogo.com\/index.php\/wp-json\/wp\/v2\/product\/10924\/revisions"}],"predecessor-version":[{"id":10947,"href":"https:\/\/mcrtogo.com\/index.php\/wp-json\/wp\/v2\/product\/10924\/revisions\/10947"}],"wp:featuredmedia":[{"embeddable":true,"href":"https:\/\/mcrtogo.com\/index.php\/wp-json\/wp\/v2\/media\/10946"}],"wp:attachment":[{"href":"https:\/\/mcrtogo.com\/index.php\/wp-json\/wp\/v2\/media?parent=10924"}],"wp:term":[{"taxonomy":"product_brand","embeddable":true,"href":"https:\/\/mcrtogo.com\/index.php\/wp-json\/wp\/v2\/product_brand?post=10924"},{"taxonomy":"product_cat","embeddable":true,"href":"https:\/\/mcrtogo.com\/index.php\/wp-json\/wp\/v2\/product_cat?post=10924"},{"taxonomy":"product_tag","embeddable":true,"href":"https:\/\/mcrtogo.com\/index.php\/wp-json\/wp\/v2\/product_tag?post=10924"}],"curies":[{"name":"wp","href":"https:\/\/api.w.org\/{rel}","templated":true}]}}