{"id":10928,"date":"2024-03-26T02:25:07","date_gmt":"2024-03-26T02:25:07","guid":{"rendered":"http:\/\/mcrtogo.com\/?post_type=product&#038;p=10928"},"modified":"2024-03-26T02:26:11","modified_gmt":"2024-03-26T02:26:11","slug":"soporte-vertical-ugreen-para-laptop-y-tablet","status":"publish","type":"product","link":"https:\/\/mcrtogo.com\/index.php\/product\/soporte-vertical-ugreen-para-laptop-y-tablet\/","title":{"rendered":"Soporte Vertical UGREEN para Laptop y Tablet"},"content":{"rendered":"<ul class=\"a-unordered-list a-vertical a-spacing-mini\">\n<li class=\"a-spacing-mini\"><span class=\"a-list-item\">Ahorre Espacio en el Escritorio: El soporte vertical para laptop posee 8\u202fcm de ancho y 15\u202fcm de largo y le permite plegar o mostrar elegantemente su laptop, liberando espacio en el escritorio y ampliamente adecuado para el hogar y la oficina. Puede colocar su port\u00e1til en el soporte dock para port\u00e1tiles y colocarlo detr\u00e1s de su monitor. Le permite utilizar el modo de pantalla cerrada para MacBook. Nota: Los monitores externos funcionar\u00e1n mientras el port\u00e1til est\u00e9 cerrado.<\/span><\/li>\n<li class=\"a-spacing-mini\"><span class=\"a-list-item\">Estudio y Estable: El soporte vertical para MacBook pro construido con aleaci\u00f3n de aluminio pesado, este marco duradero y s\u00f3lido como una roca proporciona el peso necesario para mantener el soporte vertical del port\u00e1til estable. Y las almohadillas de goma de la base evitan que este soporte para port\u00e1til se deslice y se mueva.<\/span><\/li>\n<li class=\"a-spacing-mini\"><span class=\"a-list-item\">Anchura Ajustable: El soporte de escritorio para port\u00e1til puede aflojar los tornillos de la base para ajustar simplemente el espacio y la tensi\u00f3n para adaptarse a cualquier port\u00e1til con el grosor entre 12\u202fmm y 25\u202fmm.<\/span><\/li>\n<li class=\"a-spacing-mini\"><span class=\"a-list-item\">Amplia Compatibilidad: Este soporte de ordenador es compatible con MacBook Air, HP Spectre x360 14, MacBook Pro 13, Dell xps 13, Lenovo ThinkPad X1 Nano y otros port\u00e1tiles de menos de 15,6 pulgadas.<\/span><\/li>\n<li class=\"a-spacing-mini\"><span class=\"a-list-item\">Anti-ara\u00f1azos: La almohadilla de silicona antideslizante cubre la ranura del port\u00e1til para evitar que se raye el dispositivo.<\/span><\/li>\n<\/ul>\n","protected":false},"excerpt":{"rendered":"<ul class=\"ps-3\">\n<li>Compatible con MacBook Air, HP Spectre x360 14, MacBook Pro 13, Dell xps 13, Lenovo ThinkPad X1 Nano y otros port\u00e1tiles de menos de 15.6 pulgadas.<\/li>\n<li>Permite utilizar el modo de pantalla cerrada para MacBook<\/li>\n<\/ul>\n","protected":false},"featured_media":10961,"comment_status":"open","ping_status":"closed","template":"","meta":[],"product_brand":[],"product_cat":[80],"product_tag":[87,85,86],"class_list":{"0":"post-10928","1":"product","2":"type-product","3":"status-publish","4":"has-post-thumbnail","6":"product_cat-soportes","7":"product_tag-ipad","8":"product_tag-laptop","9":"product_tag-mac","10":"nt-post-class","11":"","17":"first","18":"instock","19":"sale","20":"shipping-taxable","21":"purchasable","22":"product-type-simple"},"_links":{"self":[{"href":"https:\/\/mcrtogo.com\/index.php\/wp-json\/wp\/v2\/product\/10928","targetHints":{"allow":["GET"]}}],"collection":[{"href":"https:\/\/mcrtogo.com\/index.php\/wp-json\/wp\/v2\/product"}],"about":[{"href":"https:\/\/mcrtogo.com\/index.php\/wp-json\/wp\/v2\/types\/product"}],"replies":[{"embeddable":true,"href":"https:\/\/mcrtogo.com\/index.php\/wp-json\/wp\/v2\/comments?post=10928"}],"version-history":[{"count":1,"href":"https:\/\/mcrtogo.com\/index.php\/wp-json\/wp\/v2\/product\/10928\/revisions"}],"predecessor-version":[{"id":10962,"href":"https:\/\/mcrtogo.com\/index.php\/wp-json\/wp\/v2\/product\/10928\/revisions\/10962"}],"wp:featuredmedia":[{"embeddable":true,"href":"https:\/\/mcrtogo.com\/index.php\/wp-json\/wp\/v2\/media\/10961"}],"wp:attachment":[{"href":"https:\/\/mcrtogo.com\/index.php\/wp-json\/wp\/v2\/media?parent=10928"}],"wp:term":[{"taxonomy":"product_brand","embeddable":true,"href":"https:\/\/mcrtogo.com\/index.php\/wp-json\/wp\/v2\/product_brand?post=10928"},{"taxonomy":"product_cat","embeddable":true,"href":"https:\/\/mcrtogo.com\/index.php\/wp-json\/wp\/v2\/product_cat?post=10928"},{"taxonomy":"product_tag","embeddable":true,"href":"https:\/\/mcrtogo.com\/index.php\/wp-json\/wp\/v2\/product_tag?post=10928"}],"curies":[{"name":"wp","href":"https:\/\/api.w.org\/{rel}","templated":true}]}}