{"id":10930,"date":"2024-03-26T02:25:07","date_gmt":"2024-03-26T02:25:07","guid":{"rendered":"http:\/\/mcrtogo.com\/?post_type=product&#038;p=10930"},"modified":"2024-03-26T02:26:23","modified_gmt":"2024-03-26T02:26:23","slug":"switch-tp-link-de-escritorio-8-puertos-10-100-mbps","status":"publish","type":"product","link":"https:\/\/mcrtogo.com\/index.php\/product\/switch-tp-link-de-escritorio-8-puertos-10-100-mbps\/","title":{"rendered":"Switch TP-Link de escritorio 8 puertos 10\/100 Mbps"},"content":{"rendered":"<p><strong>Incluye<\/strong><\/p>\n<ul>\n<li>Switch 10\/100Mbps de 8\u00a0puertos De escritorio<\/li>\n<li>Adaptador de Poder<\/li>\n<li>Gu\u00eda de Usuario<\/li>\n<\/ul>\n<p><strong>Caracter\u00edsticas F\u00edsicas y El\u00e9ctricas:<\/strong><strong>\u00a0\u00a0\u00a0<\/strong><\/p>\n<ul>\n<li>Temperatura de funcionamiento: 0\u2103~40\u2103 (32\u2109~104\u2109);<\/li>\n<li>Temperatura de almacenamiento: -40\u2103~70\u2103(-40\u2109~158\u2109);<\/li>\n<li>Humedad de funcionamiento: 10%~90% sin condensaci\u00f3n;<\/li>\n<li>Humedad de almacenamiento: 5%~90% sin condensaci\u00f3n<\/li>\n<li>Adaptador de corriente externo (salida: 5.0VDC \/ 0.6A)<\/li>\n<li>Consumo m\u00e1ximo: 2.2W (220V\/50Hz)<\/li>\n<li>Dimensiones (W X D X H): 5.3*3.1*0.9 pulg. (134.5*79*22.5mm)<\/li>\n<\/ul>\n","protected":false},"excerpt":{"rendered":"<p>El switch Fast Ethernet TL-SF1008D est\u00e1 dise\u00f1ado para las oficinas peque\u00f1as y reducidos grupos de trabajo. Los 8 puertos soportan MDI\/MDIX autom\u00e1tico, lo que le evita tener que preocuparse de qu\u00e9 cable debe utilizar: s\u00f3lo tiene que enchufarlo y listo. Adem\u00e1s, gracias a su innovadora tecnolog\u00eda de eficiencia energ\u00e9tica, el TL-SF1008D ahorra hasta un 60%* de energ\u00eda el\u00e9ctrica, lo que lo convierte en una soluci\u00f3n ecol\u00f3gica para la red de su negocio.<\/p>\n<p><strong>Caracteristicas<\/strong><\/p>\n<ul>\n<li>8 puertos RJ45 de auto-negociaci\u00f3n de10\/100Mbps, soporta auto MDI\/MDIX<\/li>\n<li>La tecnolog\u00eda Green Ethernet ahora energ\u00eda hasta del 60%<\/li>\n<li>El control de flujo de IEEE 802.3x proporciona una transferencia de datos confiable<\/li>\n<li>Cubierta de pl\u00e1stico, dise\u00f1o de escritorio<\/li>\n<li>Plug and play (conecte y use), no se requiere configura<\/li>\n<\/ul>\n","protected":false},"featured_media":10975,"comment_status":"open","ping_status":"closed","template":"","meta":[],"product_brand":[],"product_cat":[92,93],"product_tag":[],"class_list":{"0":"post-10930","1":"product","2":"type-product","3":"status-publish","4":"has-post-thumbnail","6":"product_cat-redes","7":"product_cat-switches-routers","8":"nt-post-class","9":"","15":"first","16":"instock","17":"sale","18":"shipping-taxable","19":"purchasable","20":"product-type-simple"},"_links":{"self":[{"href":"https:\/\/mcrtogo.com\/index.php\/wp-json\/wp\/v2\/product\/10930","targetHints":{"allow":["GET"]}}],"collection":[{"href":"https:\/\/mcrtogo.com\/index.php\/wp-json\/wp\/v2\/product"}],"about":[{"href":"https:\/\/mcrtogo.com\/index.php\/wp-json\/wp\/v2\/types\/product"}],"replies":[{"embeddable":true,"href":"https:\/\/mcrtogo.com\/index.php\/wp-json\/wp\/v2\/comments?post=10930"}],"version-history":[{"count":1,"href":"https:\/\/mcrtogo.com\/index.php\/wp-json\/wp\/v2\/product\/10930\/revisions"}],"predecessor-version":[{"id":10976,"href":"https:\/\/mcrtogo.com\/index.php\/wp-json\/wp\/v2\/product\/10930\/revisions\/10976"}],"wp:featuredmedia":[{"embeddable":true,"href":"https:\/\/mcrtogo.com\/index.php\/wp-json\/wp\/v2\/media\/10975"}],"wp:attachment":[{"href":"https:\/\/mcrtogo.com\/index.php\/wp-json\/wp\/v2\/media?parent=10930"}],"wp:term":[{"taxonomy":"product_brand","embeddable":true,"href":"https:\/\/mcrtogo.com\/index.php\/wp-json\/wp\/v2\/product_brand?post=10930"},{"taxonomy":"product_cat","embeddable":true,"href":"https:\/\/mcrtogo.com\/index.php\/wp-json\/wp\/v2\/product_cat?post=10930"},{"taxonomy":"product_tag","embeddable":true,"href":"https:\/\/mcrtogo.com\/index.php\/wp-json\/wp\/v2\/product_tag?post=10930"}],"curies":[{"name":"wp","href":"https:\/\/api.w.org\/{rel}","templated":true}]}}