{"id":10931,"date":"2024-03-26T02:25:07","date_gmt":"2024-03-26T02:25:07","guid":{"rendered":"http:\/\/mcrtogo.com\/?post_type=product&#038;p=10931"},"modified":"2024-03-26T02:42:45","modified_gmt":"2024-03-26T02:42:45","slug":"adaptador-usb-nano-inalambrico-n-150-mbps-2-4-ghz","status":"publish","type":"product","link":"https:\/\/mcrtogo.com\/index.php\/product\/adaptador-usb-nano-inalambrico-n-150-mbps-2-4-ghz\/","title":{"rendered":"Adaptador USB Nano inal\u00e1mbrico N 150 Mbps 2.4 GHz"},"content":{"rendered":"<p><strong>Espeficiaciones<\/strong><\/p>\n<ul>\n<li>Velocidad de transmision 150 Mbps<\/li>\n<li>Modo inal\u00e1mbrico\u00a0modo Ad-Hoc \/ Infraestructura<\/li>\n<li>1 puerto USB 2.0<\/li>\n<li>1 Antena\u00a0interna<\/li>\n<li>Estandares IEEE 802.11n, IEEE 802.11g, IEEE 802.11b<\/li>\n<li>Frecuencia\u00a0 2.4 &#8211; 2.4835GHz<\/li>\n<li>Seguridad inal\u00e1mbrica 64\/128 WEP, WPA\/WPA2, WPA-PSK\/WPA2-PSK (TKIP\/AES), supports IEEE 802.1X<\/li>\n<li>Potencia de transmision &lt;20dBm<\/li>\n<li>Modulacion\u00a0DBPSK, DQPSK, CCK, OFDM, 16-QAM, 64-QAM<\/li>\n<\/ul>\n<p><strong>Caracteristicas fisicas y electricas\u00a0<\/strong><\/p>\n<ul>\n<li>Temperatura de operac\u00edon: 0\u2070C ~ 40\u2070C (32\u2070F ~ 104\u2070F)<\/li>\n<li>Temperatura de almacenamiento: -40\u2070C ~ 70\u2070C (-40\u2070F ~ 158\u2070F)<\/li>\n<li>Dimenciones (W X D X H)\u00a018.6x15x7.1mm<\/li>\n<li>Peso\u00a02.1 gramos (sin empaque)<\/li>\n<\/ul>\n<p><strong>Incluye<\/strong><\/p>\n<ul>\n<li>Adaptador USB Nano Inal\u00e1mbrico N 150Mbps TL-WN725N<\/li>\n<li>CD de Instalaci\u00f3n<\/li>\n<li>Gu\u00eda de Instalaci\u00f3n R\u00e1pida<\/li>\n<\/ul>\n","protected":false},"excerpt":{"rendered":"<p>Adaptador USB TP-LINK 150Mbps inal\u00e1mbrico N Nano, TL-WN725N permite al usuario conectar un ordenador de sobremesa o port\u00e1til a una red inal\u00e1mbrica en 150Mbps. Este adaptador miniatura est\u00e1 dise\u00f1ado para ser lo m\u00e1s c\u00f3modo posible y una vez conectado al puerto USB de un ordenador, se puede dejar all\u00ed, ya sea que viaje o en casa. Tambi\u00e9n cuenta con encriptaci\u00f3n inal\u00e1mbrica avanzada y f\u00e1cil instalaci\u00f3n.<\/p>\n<ul>\n<li>Dise\u00f1o liso y brillante en miniatura tan peque\u00f1o que una vez conectado, puede dejarlo en un puerto USB de la Laptop<\/li>\n<li>R\u00e1pida transmisi\u00f3n de velocidad de hasta 150Mbps ideal para el streaming de video o llamadas por internet<\/li>\n<li>Seguridad avanzada: Soporta 64\/128 WEP, WPA, PA2\/WPA-PSK\/WPA2-PSK(TKIP\/AES)<\/li>\n<li>Con\u00e9ctese de inmediato con la f\u00e1cil utilidad de instalaci\u00f3n en 14 idiomas<\/li>\n<\/ul>\n","protected":false},"featured_media":10978,"comment_status":"open","ping_status":"closed","template":"","meta":[],"product_brand":[],"product_cat":[92],"product_tag":[94,77,95],"class_list":{"0":"post-10931","1":"product","2":"type-product","3":"status-publish","4":"has-post-thumbnail","6":"product_cat-redes","7":"product_tag-inalambrico","8":"product_tag-usb","9":"product_tag-wifi","10":"zank_product_brands-ugreen","11":"nt-post-class","12":"","18":"first","19":"instock","20":"sale","21":"shipping-taxable","22":"purchasable","23":"product-type-simple"},"_links":{"self":[{"href":"https:\/\/mcrtogo.com\/index.php\/wp-json\/wp\/v2\/product\/10931","targetHints":{"allow":["GET"]}}],"collection":[{"href":"https:\/\/mcrtogo.com\/index.php\/wp-json\/wp\/v2\/product"}],"about":[{"href":"https:\/\/mcrtogo.com\/index.php\/wp-json\/wp\/v2\/types\/product"}],"replies":[{"embeddable":true,"href":"https:\/\/mcrtogo.com\/index.php\/wp-json\/wp\/v2\/comments?post=10931"}],"version-history":[{"count":1,"href":"https:\/\/mcrtogo.com\/index.php\/wp-json\/wp\/v2\/product\/10931\/revisions"}],"predecessor-version":[{"id":10979,"href":"https:\/\/mcrtogo.com\/index.php\/wp-json\/wp\/v2\/product\/10931\/revisions\/10979"}],"wp:featuredmedia":[{"embeddable":true,"href":"https:\/\/mcrtogo.com\/index.php\/wp-json\/wp\/v2\/media\/10978"}],"wp:attachment":[{"href":"https:\/\/mcrtogo.com\/index.php\/wp-json\/wp\/v2\/media?parent=10931"}],"wp:term":[{"taxonomy":"product_brand","embeddable":true,"href":"https:\/\/mcrtogo.com\/index.php\/wp-json\/wp\/v2\/product_brand?post=10931"},{"taxonomy":"product_cat","embeddable":true,"href":"https:\/\/mcrtogo.com\/index.php\/wp-json\/wp\/v2\/product_cat?post=10931"},{"taxonomy":"product_tag","embeddable":true,"href":"https:\/\/mcrtogo.com\/index.php\/wp-json\/wp\/v2\/product_tag?post=10931"}],"curies":[{"name":"wp","href":"https:\/\/api.w.org\/{rel}","templated":true}]}}