{"id":11108,"date":"2024-03-27T16:50:03","date_gmt":"2024-03-27T22:50:03","guid":{"rendered":"http:\/\/mcrtogo.com\/?post_type=product&#038;p=11108"},"modified":"2024-03-27T16:50:04","modified_gmt":"2024-03-27T22:50:04","slug":"multicontacto-para-escritorio","status":"publish","type":"product","link":"https:\/\/mcrtogo.com\/index.php\/product\/multicontacto-para-escritorio\/","title":{"rendered":"Multicontacto para Escritorio"},"content":{"rendered":"<p>Cuenta con Bracket Ajustable a Diferentes Grosores<\/p>\n<p>3 Contactos 110VCA<\/p>\n<p>2 Contactos para Carga USB<\/p>\n<p><strong>Caracter\u00edsticas F\u00edsicas y El\u00e9ctricas:<\/strong><\/p>\n<ul>\n<li>Voltaje de entrada: 120 VCA, 50\/60 Hz.<\/li>\n<li>M\u00e1xima Corriente: 12A.<\/li>\n<li><strong>1 x USB-A:<\/strong>\u00a05V\/3A; 9V\/2A; 12V\/1.5A.<\/li>\n<li><strong>1 x USB-C<\/strong>: PD 5V\/3A; 9V\/2A; 12V\/1.5A.<\/li>\n<li>Medidas: 154.7 x 38 x 48.7 mm.<\/li>\n<\/ul>\n<p><strong>Caracter\u00edsticas Destacadas:<\/strong><\/p>\n<p>Super pr\u00e1ctico para trabajar en escritorio.\u00a0<strong>Tomacorriente al alcance de sus manos.\u00a0<\/strong><br \/>\nColor: Blanco<\/p>\n","protected":false},"excerpt":{"rendered":"<p><strong>Caracter\u00edsticas principales:<\/strong><\/p>\n<ul>\n<li>Dise\u00f1o Liviano y resistente<\/li>\n<li>Elaborado de Acero de primera calidad<\/li>\n<li><strong>Capacidad para conexi\u00f3n de 3 equipos<\/strong><\/li>\n<li>Aplicaci\u00f3n: Interior<\/li>\n<\/ul>\n","protected":false},"featured_media":11109,"comment_status":"open","ping_status":"closed","template":"","meta":[],"product_brand":[],"product_cat":[100],"product_tag":[103,102],"class_list":{"0":"post-11108","1":"product","2":"type-product","3":"status-publish","4":"has-post-thumbnail","6":"product_cat-energia-herramientas","7":"product_tag-multicontactos","8":"product_tag-reguladores","9":"zank_product_brands-epcom","10":"nt-post-class","11":"","17":"first","18":"instock","19":"sale","20":"shipping-taxable","21":"purchasable","22":"product-type-simple"},"_links":{"self":[{"href":"https:\/\/mcrtogo.com\/index.php\/wp-json\/wp\/v2\/product\/11108","targetHints":{"allow":["GET"]}}],"collection":[{"href":"https:\/\/mcrtogo.com\/index.php\/wp-json\/wp\/v2\/product"}],"about":[{"href":"https:\/\/mcrtogo.com\/index.php\/wp-json\/wp\/v2\/types\/product"}],"replies":[{"embeddable":true,"href":"https:\/\/mcrtogo.com\/index.php\/wp-json\/wp\/v2\/comments?post=11108"}],"version-history":[{"count":1,"href":"https:\/\/mcrtogo.com\/index.php\/wp-json\/wp\/v2\/product\/11108\/revisions"}],"predecessor-version":[{"id":11110,"href":"https:\/\/mcrtogo.com\/index.php\/wp-json\/wp\/v2\/product\/11108\/revisions\/11110"}],"wp:featuredmedia":[{"embeddable":true,"href":"https:\/\/mcrtogo.com\/index.php\/wp-json\/wp\/v2\/media\/11109"}],"wp:attachment":[{"href":"https:\/\/mcrtogo.com\/index.php\/wp-json\/wp\/v2\/media?parent=11108"}],"wp:term":[{"taxonomy":"product_brand","embeddable":true,"href":"https:\/\/mcrtogo.com\/index.php\/wp-json\/wp\/v2\/product_brand?post=11108"},{"taxonomy":"product_cat","embeddable":true,"href":"https:\/\/mcrtogo.com\/index.php\/wp-json\/wp\/v2\/product_cat?post=11108"},{"taxonomy":"product_tag","embeddable":true,"href":"https:\/\/mcrtogo.com\/index.php\/wp-json\/wp\/v2\/product_tag?post=11108"}],"curies":[{"name":"wp","href":"https:\/\/api.w.org\/{rel}","templated":true}]}}