{"id":11111,"date":"2024-03-27T16:59:46","date_gmt":"2024-03-27T22:59:46","guid":{"rendered":"http:\/\/mcrtogo.com\/?post_type=product&#038;p=11111"},"modified":"2024-03-27T19:33:34","modified_gmt":"2024-03-28T01:33:34","slug":"repetidor-wifi-n-300-mbps-2-4-ghz-con-1-puerto-10-100-mbps","status":"publish","type":"product","link":"https:\/\/mcrtogo.com\/index.php\/product\/repetidor-wifi-n-300-mbps-2-4-ghz-con-1-puerto-10-100-mbps\/","title":{"rendered":"Repetidor WiFi N, 300 Mbps, 2.4 GHz , con 1 puerto 10\/100 Mbps"},"content":{"rendered":"<p><strong>Caracteristicas principales\u00a0<\/strong><\/p>\n<ul>\n<li>El modo Extensor de Cobertura amplifica la se\u00f1al inal\u00e1mbrica perfectamente hasta zonas donde antes no llegaba o que son dif\u00edciles de cablear<\/li>\n<li>S\u00f3lo necesita pulsar el bot\u00f3n Range Extender para ampliar f\u00e1cilmente la cobertura inal\u00e1mbrica<\/li>\n<li>Su dise\u00f1o de tama\u00f1o en miniatura para montaje en pared facilita la instalaci\u00f3n y permite un traslado flexible<\/li>\n<li>El puerto Ethernet permite funcionar al Extensor como adaptador inal\u00e1mbrico para conectar dispositivos cableados<\/li>\n<\/ul>\n","protected":false},"excerpt":{"rendered":"<p><strong>Amplifique la cobertura del router<\/strong><\/p>\n<p>\u00bfCansado de \u201czonas muertas\u201d de Wi-Fi? El extensor de cobertura de TP-LINK se conecta a su router inal\u00e1mbricamente, fortaleciendo y expandiendo su se\u00f1al en las \u00e1reas a las que no puede llegar por s\u00ed sola. El dispositivo tambi\u00e9n reduce la interferencia de se\u00f1al para asegurar un rendimiento de cobertura Wi-Fi de confianza en su hogar u oficina.<\/p>\n","protected":false},"featured_media":11114,"comment_status":"open","ping_status":"closed","template":"","meta":[],"product_brand":[],"product_cat":[92],"product_tag":[104,94,105,95],"class_list":{"0":"post-11111","1":"product","2":"type-product","3":"status-publish","4":"has-post-thumbnail","6":"product_cat-redes","7":"product_tag-extensor","8":"product_tag-inalambrico","9":"product_tag-wi-fi","10":"product_tag-wifi","11":"zank_product_brands-tplink","12":"nt-post-class","13":"","19":"first","20":"instock","21":"sale","22":"shipping-taxable","23":"purchasable","24":"product-type-simple"},"_links":{"self":[{"href":"https:\/\/mcrtogo.com\/index.php\/wp-json\/wp\/v2\/product\/11111","targetHints":{"allow":["GET"]}}],"collection":[{"href":"https:\/\/mcrtogo.com\/index.php\/wp-json\/wp\/v2\/product"}],"about":[{"href":"https:\/\/mcrtogo.com\/index.php\/wp-json\/wp\/v2\/types\/product"}],"replies":[{"embeddable":true,"href":"https:\/\/mcrtogo.com\/index.php\/wp-json\/wp\/v2\/comments?post=11111"}],"version-history":[{"count":3,"href":"https:\/\/mcrtogo.com\/index.php\/wp-json\/wp\/v2\/product\/11111\/revisions"}],"predecessor-version":[{"id":11116,"href":"https:\/\/mcrtogo.com\/index.php\/wp-json\/wp\/v2\/product\/11111\/revisions\/11116"}],"wp:featuredmedia":[{"embeddable":true,"href":"https:\/\/mcrtogo.com\/index.php\/wp-json\/wp\/v2\/media\/11114"}],"wp:attachment":[{"href":"https:\/\/mcrtogo.com\/index.php\/wp-json\/wp\/v2\/media?parent=11111"}],"wp:term":[{"taxonomy":"product_brand","embeddable":true,"href":"https:\/\/mcrtogo.com\/index.php\/wp-json\/wp\/v2\/product_brand?post=11111"},{"taxonomy":"product_cat","embeddable":true,"href":"https:\/\/mcrtogo.com\/index.php\/wp-json\/wp\/v2\/product_cat?post=11111"},{"taxonomy":"product_tag","embeddable":true,"href":"https:\/\/mcrtogo.com\/index.php\/wp-json\/wp\/v2\/product_tag?post=11111"}],"curies":[{"name":"wp","href":"https:\/\/api.w.org\/{rel}","templated":true}]}}